{"id":79,"date":"2025-06-05T16:27:19","date_gmt":"2025-06-05T14:27:19","guid":{"rendered":"https:\/\/www.patissimo.fr\/?page_id=79"},"modified":"2025-06-05T16:30:31","modified_gmt":"2025-06-05T14:30:31","slug":"a-propos-de-patissimo","status":"publish","type":"page","link":"https:\/\/www.patissimo.fr\/?page_id=79","title":{"rendered":"\u00c0 propos de Patissimo"},"content":{"rendered":"\n<div class=\"wp-block-cover alignfull\" style=\"min-height:720px;aspect-ratio:unset;\"><span aria-hidden=\"true\" class=\"wp-block-cover__background has-background-dim-100 has-background-dim has-background-gradient has-blush-light-purple-gradient-background\"><\/span><div class=\"wp-block-cover__inner-container is-layout-flow wp-block-cover-is-layout-flow\">\n<div class=\"inherit-container-width wp-block-group alignwide is-layout-constrained wp-block-group-is-layout-constrained\">\n<div class=\"wp-block-group is-nowrap is-layout-flex wp-container-core-group-is-layout-1 wp-block-group-is-layout-flex\">\n<div class=\"wp-block-media-text alignwide has-media-on-the-right is-stacked-on-mobile is-vertically-aligned-center\" style=\"grid-template-columns:auto 29%\"><div class=\"wp-block-media-text__content\">\n<h1 class=\"wp-block-heading has-text-align-left has-ast-global-color-2-color has-text-color\" style=\"font-size:63px;line-height:0.8\"><br>Patissimo&#8230;<\/h1>\n\n\n\n<p class=\"has-white-color has-text-color has-ast-global-color-2-color has-link-color wp-elements-840944632b90d56ee1af7460c56b90cb\">Je suis mari\u00e9e et maman de trois merveilleux enfants, dipl\u00f4m\u00e9e en \u00e9conomie, aujourd\u2019hui p\u00e2tissi\u00e8re et cake designer.<br>Ma passion pour la p\u00e2tisserie puise ses racines dans mon enfance. J\u2019ai grandi entour\u00e9e de femmes inspirantes \u2014 ma m\u00e8re, ma grand-m\u00e8re, mes tantes \u2014 qui faisaient des g\u00e2teaux avec c\u0153ur pour chaque occasion sp\u00e9ciale. Ces souvenirs m\u2019ont berc\u00e9e, mais c\u2019est bien plus tard qu\u2019ils ont pris vie.<\/p>\n\n\n\n<p>C\u2019est gr\u00e2ce \u00e0 mon fils a\u00een\u00e9 que j\u2019ai r\u00e9alis\u00e9 mon tout premier g\u00e2teau en p\u00e2te \u00e0 sucre : un g\u00e2teau d\u2019anniversaire avec une petite voiture. Ce moment reste grav\u00e9 dans ma m\u00e9moire. Voir ses yeux \u00e9merveill\u00e9s\u2026 puis ceux des invit\u00e9s, touch\u00e9s et impressionn\u00e9s, a \u00e9t\u00e9 une r\u00e9v\u00e9lation. J\u2019ai su, ce jour-l\u00e0, que je voulais offrir cette magie \u00e0 d\u2019autres.<\/p>\n\n\n\n<p class=\"has-white-color has-text-color has-ast-global-color-2-color has-link-color wp-elements-e4c8e7f94be4930ed233704b682b7b75\">Apr\u00e8s des ann\u00e9es dans le domaine \u00e9conomique, j\u2019ai choisi de me reconvertir pour vivre pleinement cette passion. Aujourd\u2019hui, je cr\u00e9e des desserts qui allient go\u00fbt, \u00e9motion et \u00e9l\u00e9gance. Chaque g\u00e2teau raconte une histoire, celle d\u2019un moment unique et pr\u00e9cieux.<\/p>\n\n\n\n<div class=\"wp-block-buttons is-layout-flex wp-block-buttons-is-layout-flex\">\n<div class=\"wp-block-button\"><a class=\"wp-block-button__link wp-element-button\" href=\"https:\/\/www.patissimo.fr\/\">Voir nos cr\u00e9ations<\/a><\/div>\n<\/div>\n<\/div><figure class=\"wp-block-media-text__media\"><img loading=\"lazy\" decoding=\"async\" width=\"662\" height=\"1024\" src=\"https:\/\/patissimo.dev:8890\/wp-content\/uploads\/2025\/04\/simona-1.jpeg\" alt=\"\" class=\"wp-image-24 size-full\" srcset=\"https:\/\/www.patissimo.fr\/wp-content\/uploads\/2025\/04\/simona-1.jpeg 662w, https:\/\/www.patissimo.fr\/wp-content\/uploads\/2025\/04\/simona-1-194x300.jpeg 194w\" sizes=\"auto, (max-width: 662px) 100vw, 662px\" \/><\/figure><\/div>\n<\/div>\n<\/div>\n\n\n\n<p><\/p>\n<\/div><\/div>\n","protected":false},"excerpt":{"rendered":"","protected":false},"author":1,"featured_media":0,"parent":0,"menu_order":0,"comment_status":"closed","ping_status":"closed","template":"","meta":{"site-sidebar-layout":"default","site-content-layout":"","ast-site-content-layout":"","site-content-style":"default","site-sidebar-style":"default","ast-global-header-display":"","ast-banner-title-visibility":"","ast-main-header-display":"","ast-hfb-above-header-display":"","ast-hfb-below-header-display":"","ast-hfb-mobile-header-display":"","site-post-title":"","ast-breadcrumbs-content":"","ast-featured-img":"","footer-sml-layout":"","theme-transparent-header-meta":"","adv-header-id-meta":"","stick-header-meta":"","header-above-stick-meta":"","header-main-stick-meta":"","header-below-stick-meta":"","astra-migrate-meta-layouts":"default","ast-page-background-enabled":"default","ast-page-background-meta":{"desktop":{"background-color":"var(--ast-global-color-5)","background-image":"","background-repeat":"repeat","background-position":"center center","background-size":"auto","background-attachment":"scroll","background-type":"","background-media":"","overlay-type":"","overlay-color":"","overlay-opacity":"","overlay-gradient":""},"tablet":{"background-color":"","background-image":"","background-repeat":"repeat","background-position":"center center","background-size":"auto","background-attachment":"scroll","background-type":"","background-media":"","overlay-type":"","overlay-color":"","overlay-opacity":"","overlay-gradient":""},"mobile":{"background-color":"","background-image":"","background-repeat":"repeat","background-position":"center center","background-size":"auto","background-attachment":"scroll","background-type":"","background-media":"","overlay-type":"","overlay-color":"","overlay-opacity":"","overlay-gradient":""}},"ast-content-background-meta":{"desktop":{"background-color":"var(--ast-global-color-4)","background-image":"","background-repeat":"repeat","background-position":"center center","background-size":"auto","background-attachment":"scroll","background-type":"","background-media":"","overlay-type":"","overlay-color":"","overlay-opacity":"","overlay-gradient":""},"tablet":{"background-color":"var(--ast-global-color-4)","background-image":"","background-repeat":"repeat","background-position":"center center","background-size":"auto","background-attachment":"scroll","background-type":"","background-media":"","overlay-type":"","overlay-color":"","overlay-opacity":"","overlay-gradient":""},"mobile":{"background-color":"var(--ast-global-color-4)","background-image":"","background-repeat":"repeat","background-position":"center center","background-size":"auto","background-attachment":"scroll","background-type":"","background-media":"","overlay-type":"","overlay-color":"","overlay-opacity":"","overlay-gradient":""}},"footnotes":""},"class_list":["post-79","page","type-page","status-publish","hentry"],"_links":{"self":[{"href":"https:\/\/www.patissimo.fr\/index.php?rest_route=\/wp\/v2\/pages\/79","targetHints":{"allow":["GET"]}}],"collection":[{"href":"https:\/\/www.patissimo.fr\/index.php?rest_route=\/wp\/v2\/pages"}],"about":[{"href":"https:\/\/www.patissimo.fr\/index.php?rest_route=\/wp\/v2\/types\/page"}],"author":[{"embeddable":true,"href":"https:\/\/www.patissimo.fr\/index.php?rest_route=\/wp\/v2\/users\/1"}],"replies":[{"embeddable":true,"href":"https:\/\/www.patissimo.fr\/index.php?rest_route=%2Fwp%2Fv2%2Fcomments&post=79"}],"version-history":[{"count":5,"href":"https:\/\/www.patissimo.fr\/index.php?rest_route=\/wp\/v2\/pages\/79\/revisions"}],"predecessor-version":[{"id":84,"href":"https:\/\/www.patissimo.fr\/index.php?rest_route=\/wp\/v2\/pages\/79\/revisions\/84"}],"wp:attachment":[{"href":"https:\/\/www.patissimo.fr\/index.php?rest_route=%2Fwp%2Fv2%2Fmedia&parent=79"}],"curies":[{"name":"wp","href":"https:\/\/api.w.org\/{rel}","templated":true}]}}